{"id":584,"date":"2015-09-29T13:32:13","date_gmt":"2015-09-29T13:32:13","guid":{"rendered":"http:\/\/pmg-ev.com\/?page_id=584"},"modified":"2015-09-29T13:33:08","modified_gmt":"2015-09-29T13:33:08","slug":"contact","status":"publish","type":"page","link":"https:\/\/www.pmg-ev.com\/en\/contact\/","title":{"rendered":"Contact"},"content":{"rendered":"<p><strong>I am interested in the<\/strong><br \/>\n<strong>Politisch-Milit\u00e4rischen Gesellschaft e.V.<\/strong><\/p>\n\n<div class=\"wpcf7 no-js\" id=\"wpcf7-f586-o1\" lang=\"en-US\" dir=\"ltr\" data-wpcf7-id=\"586\">\n<div class=\"screen-reader-response\"><p role=\"status\" aria-live=\"polite\" aria-atomic=\"true\"><\/p> <ul><\/ul><\/div>\n<form action=\"\/en\/wp-json\/wp\/v2\/pages\/584#wpcf7-f586-o1\" method=\"post\" class=\"wpcf7-form init\" aria-label=\"Contact form\" novalidate=\"novalidate\" data-status=\"init\">\n<fieldset class=\"hidden-fields-container\"><input type=\"hidden\" name=\"_wpcf7\" value=\"586\" \/><input type=\"hidden\" name=\"_wpcf7_version\" value=\"6.1.5\" \/><input type=\"hidden\" name=\"_wpcf7_locale\" value=\"en_US\" \/><input type=\"hidden\" name=\"_wpcf7_unit_tag\" value=\"wpcf7-f586-o1\" \/><input type=\"hidden\" name=\"_wpcf7_container_post\" value=\"0\" \/><input type=\"hidden\" name=\"_wpcf7_posted_data_hash\" value=\"\" \/>\n<\/fieldset>\n<p>Your Name (required)\n<\/p>\n<p><span class=\"wpcf7-form-control-wrap\" data-name=\"your-name\"><input size=\"40\" maxlength=\"400\" class=\"wpcf7-form-control wpcf7-text wpcf7-validates-as-required\" aria-required=\"true\" aria-invalid=\"false\" value=\"\" type=\"text\" name=\"your-name\" \/><\/span>\n<\/p>\n<p>Your Email (required)\n<\/p>\n<p><span class=\"wpcf7-form-control-wrap\" data-name=\"your-email\"><input size=\"40\" maxlength=\"400\" class=\"wpcf7-form-control wpcf7-email wpcf7-validates-as-required wpcf7-text wpcf7-validates-as-email\" aria-required=\"true\" aria-invalid=\"false\" value=\"\" type=\"email\" name=\"your-email\" \/><\/span>\n<\/p>\n<p>Subject\n<\/p>\n<p><span class=\"wpcf7-form-control-wrap\" data-name=\"your-subject\"><input size=\"40\" maxlength=\"400\" class=\"wpcf7-form-control wpcf7-text\" aria-invalid=\"false\" value=\"\" type=\"text\" name=\"your-subject\" \/><\/span>\n<\/p>\n<p>Your Message\n<\/p>\n<p><span class=\"wpcf7-form-control-wrap\" data-name=\"your-message\"><textarea cols=\"40\" rows=\"10\" maxlength=\"2000\" class=\"wpcf7-form-control wpcf7-textarea\" aria-invalid=\"false\" name=\"your-message\"><\/textarea><\/span>\n<\/p>\n<p><input class=\"wpcf7-form-control wpcf7-submit has-spinner\" type=\"submit\" value=\"Send\" \/>\n<\/p><div class=\"wpcf7-response-output\" aria-hidden=\"true\"><\/div>\n<\/form>\n<\/div>\n\n<p>You can also reach us by regular mail.<\/p>\n<p><strong>Our adress:<\/strong><\/p>\n<p>Politisch-Milit\u00e4rische Gesellschaft e.V.<br \/>\nPostfach 52 04 72<br \/>\n50953 K\u00f6ln<br \/>\nDeutschland<\/p>\n<p>or directly via e-mail to:<br \/>\n<a href=\"mailto:info@pmg-ev.com\">info@pmg-ev.com<\/a><\/p>\n","protected":false},"excerpt":{"rendered":"<p>I am interested in the Politisch-Milit\u00e4rischen Gesellschaft e.V. You can also reach us by regular mail. Our adress: Politisch-Milit\u00e4rische Gesellschaft e.V. Postfach 52 04 72 50953 K\u00f6ln Deutschland or directly via e-mail to: info@pmg-ev.com<\/p>\n","protected":false},"author":1,"featured_media":0,"parent":0,"menu_order":0,"comment_status":"closed","ping_status":"closed","template":"","meta":{"footnotes":""},"class_list":["post-584","page","type-page","status-publish","hentry"],"_links":{"self":[{"href":"https:\/\/www.pmg-ev.com\/en\/wp-json\/wp\/v2\/pages\/584","targetHints":{"allow":["GET"]}}],"collection":[{"href":"https:\/\/www.pmg-ev.com\/en\/wp-json\/wp\/v2\/pages"}],"about":[{"href":"https:\/\/www.pmg-ev.com\/en\/wp-json\/wp\/v2\/types\/page"}],"author":[{"embeddable":true,"href":"https:\/\/www.pmg-ev.com\/en\/wp-json\/wp\/v2\/users\/1"}],"replies":[{"embeddable":true,"href":"https:\/\/www.pmg-ev.com\/en\/wp-json\/wp\/v2\/comments?post=584"}],"version-history":[{"count":2,"href":"https:\/\/www.pmg-ev.com\/en\/wp-json\/wp\/v2\/pages\/584\/revisions"}],"predecessor-version":[{"id":587,"href":"https:\/\/www.pmg-ev.com\/en\/wp-json\/wp\/v2\/pages\/584\/revisions\/587"}],"wp:attachment":[{"href":"https:\/\/www.pmg-ev.com\/en\/wp-json\/wp\/v2\/media?parent=584"}],"curies":[{"name":"wp","href":"https:\/\/api.w.org\/{rel}","templated":true}]}}