{"id":588,"date":"2015-09-29T13:34:59","date_gmt":"2015-09-29T13:34:59","guid":{"rendered":"http:\/\/pmg-ev.com\/?page_id=588"},"modified":"2015-09-29T13:34:59","modified_gmt":"2015-09-29T13:34:59","slug":"imprint","status":"publish","type":"page","link":"https:\/\/www.pmg-ev.com\/en\/imprint\/","title":{"rendered":"Imprint"},"content":{"rendered":"<p><strong>Responsible for the content in terms of press right:<\/strong><br \/>\n<strong>Politisch-Milit\u00e4rische Gesellschaft e.V.<\/strong><\/p>\n<p>Politisch-Milit\u00e4rische Gesellschaft e.V.<br \/>\nPostfach 52 04 72<br \/>\n50953 K\u00f6ln<br \/>\nDeutschland<br \/>\nE-Mail:\u00a0<a href=\"https:\/\/www.pmg-ev.com\/\">info@pmg-ev.com<br \/>\nwww.pmg-ev.com<\/a><\/p>\n<p>Vertretungsberechtigter Vorstand:<br \/>\nRalph Thiele (Vorsitzender)<br \/>\nDr. Hans-Ulrich Seidt (Stellvertretender Vorsitzender)<br \/>\nHeinz Schulte (Finanzvorstand)<br \/>\nVereinsregister: Amtsgericht Bonn<br \/>\nRegisternummer VR 7306<\/p>\n<p><strong>Copyright\u00a0<\/strong><\/p>\n<p>The\u00a0<strong>Politisch-Milit\u00e4rische Gesellschaft e.V. (pmg)<\/strong>\u00a0has the copyright 2009\u00a9.<br \/>\nAll rights reserved. Text, image, graphics, animation,as well as their arrangement on the pages of the Politisch-Milit\u00e4rische Gesellschaft e.V. (pmg) unterliegen dem Schutz des copyright and other trademark rights. Reproduction of several text extracts allowed only with remark to references.<\/p>\n<p>With the presentation of the institution as well as its efforts there will be no license granted for the usage or processing of the spiritual property of the Politisch-Milit\u00e4rische Gesellschaft e.V. (pmg) ot thirds.<\/p>\n<p><strong>No warranty or liability<\/strong><\/p>\n<p>As far as our website refers directly or indirectly via hyperlink to external websites the contents of which we cannot influence, we resume no responsibility for the contents of such websites and cannot guarantee that the information provided on such website is correct, complete, or up to date. The responsibility for the contents of a website lies always with the particular provider or operator respectively.<\/p>\n<p>External web pages to which this website refers have been checked for possible legal offences at the time the hyperlink has been established. There was no unlawful content observable at that time.<\/p>\n<p><strong>Project management<\/strong><\/p>\n<p>Anna Sturm<br \/>\nE-Mail:\u00a0<a href=\"mailto:sturm@pmg-ev.com\">sturm@pmg-ev.com<\/a><\/p>\n<p><strong>Design and technical support<\/strong><\/p>\n<p>marketing kommunikation thom UG<br \/>\nagentur f\u00fcr visuelle und multimediale kommunikation<br \/>\nhaldenweg 20<br \/>\nD &#8211; 66333 v\u00f6lklingen<br \/>\nPhone: + 49 \/ 6898 \/ 93395-12<br \/>\nFax: + 49 \/ 6898 \/ 93395-21<br \/>\nE-Mail:\u00a0<a href=\"mailto:info@marketing-thom.de\">info@marketing-thom.de<\/a><\/p>\n","protected":false},"excerpt":{"rendered":"<p>Responsible for the content in terms of press right: Politisch-Milit\u00e4rische Gesellschaft e.V. Politisch-Milit\u00e4rische Gesellschaft e.V. Postfach 52 04 72 50953 K\u00f6ln Deutschland E-Mail:\u00a0info@pmg-ev.com www.pmg-ev.com Vertretungsberechtigter Vorstand: Ralph Thiele (Vorsitzender) Dr. Hans-Ulrich Seidt (Stellvertretender Vorsitzender) Heinz Schulte (Finanzvorstand) Vereinsregister: Amtsgericht Bonn Registernummer VR 7306 Copyright\u00a0 The\u00a0Politisch-Milit\u00e4rische Gesellschaft e.V. (pmg)\u00a0has the copyright 2009\u00a9. All rights reserved. Text, [&hellip;]<\/p>\n","protected":false},"author":1,"featured_media":0,"parent":0,"menu_order":0,"comment_status":"closed","ping_status":"closed","template":"","meta":{"footnotes":""},"class_list":["post-588","page","type-page","status-publish","hentry"],"_links":{"self":[{"href":"https:\/\/www.pmg-ev.com\/en\/wp-json\/wp\/v2\/pages\/588","targetHints":{"allow":["GET"]}}],"collection":[{"href":"https:\/\/www.pmg-ev.com\/en\/wp-json\/wp\/v2\/pages"}],"about":[{"href":"https:\/\/www.pmg-ev.com\/en\/wp-json\/wp\/v2\/types\/page"}],"author":[{"embeddable":true,"href":"https:\/\/www.pmg-ev.com\/en\/wp-json\/wp\/v2\/users\/1"}],"replies":[{"embeddable":true,"href":"https:\/\/www.pmg-ev.com\/en\/wp-json\/wp\/v2\/comments?post=588"}],"version-history":[{"count":1,"href":"https:\/\/www.pmg-ev.com\/en\/wp-json\/wp\/v2\/pages\/588\/revisions"}],"predecessor-version":[{"id":589,"href":"https:\/\/www.pmg-ev.com\/en\/wp-json\/wp\/v2\/pages\/588\/revisions\/589"}],"wp:attachment":[{"href":"https:\/\/www.pmg-ev.com\/en\/wp-json\/wp\/v2\/media?parent=588"}],"curies":[{"name":"wp","href":"https:\/\/api.w.org\/{rel}","templated":true}]}}